{"id":1464,"date":"2018-05-20T17:25:26","date_gmt":"2018-05-20T17:25:26","guid":{"rendered":"http:\/\/tika-online.de\/?page_id=1464"},"modified":"2018-05-21T13:16:20","modified_gmt":"2018-05-21T13:16:20","slug":"datenschutzerklaerung-2","status":"publish","type":"page","link":"https:\/\/tika-online.de\/?page_id=1464","title":{"rendered":"Datenschutzerkl\u00e4rung"},"content":{"rendered":"<p>Sehr geehrte Kundin, sehr geehrter Kunde,\u00a0der Schutz Ihrer personenbezogenen Daten ist uns wichtig. Nach der EU-Datenschutz-Grundverordnung (DSGVO) sind wir verpflichtet, Sie dar\u00fcber zu informieren, zu welchem Zweck unser Unternehmen Daten erhebt, speichert oder weiterleitet. Der Information k\u00f6nnen Sie auch entnehmen, welche Rechte Sie in puncto Datenschutz haben.<\/p>\n<h1>I. Name und Anschrift des Verantwortlichen<\/h1>\n<p>Verantwortlich f\u00fcr die Datenverarbeitung ist:<br \/>\nJ\u00f6rg St\u00f6lting<br \/>\nSchusterstr. 52<br \/>\n42105 Wuppertal<\/p>\n<h1>II. Allgemeines zur Datenverarbeitung<\/h1>\n<p><strong>1. Umfang der Verarbeitung personenbezogener Daten<\/strong><br \/>\nWir erheben und verwenden personenbezogene Daten unserer Nutzer grunds\u00e4tzlich nur, soweit dies zur Bereitstellung einer funktionsf\u00e4higen Website sowie unserer Inhalte und Leistungen erforderlich ist. Die Erhebung und Verwendung personenbezogener Daten unserer Nutzer erfolgt regelm\u00e4\u00dfig nur nach Einwilligung des Nutzers. Eine Ausnahme gilt in solchen F\u00e4llen, in denen eine vorherige Einholung einer Einwilligung aus tats\u00e4chlichen Gr\u00fcnden nicht m\u00f6glich ist und die Verarbeitung der Daten durch gesetzliche Vorschriften gestattet ist.<\/p>\n<p><strong>2. Rechtsgrundlage f\u00fcr die Verarbeitung personenbezogener Daten<\/strong><br \/>\nSoweit wir f\u00fcr Verarbeitungsvorg\u00e4nge personenbezogener Daten eine Einwilligung der betroffenen Person einholen, dient Art. 6 Abs. 1 lit. a EU-Datenschutzgrundverordnung (DSGVO) als Rechtsgrundlage.<br \/>\nBei der Verarbeitung von personenbezogenen Daten, die zur Erf\u00fcllung eines Vertrages, dessen Vertragspartei die betroffene Person ist, erforderlich ist, dient Art. 6 Abs. 1 lit. b DSGVO als Rechtsgrundlage. Dies gilt auch f\u00fcr Verarbeitungsvorg\u00e4nge, die zur Durchf\u00fchrung vorvertraglicher Ma\u00dfnahmen erforderlich sind.<br \/>\nSoweit eine Verarbeitung personenbezogener Daten zur Erf\u00fcllung einer rechtlichen Verpflichtung erforderlich ist, der unser Unternehmen unterliegt, dient Art. 6 Abs. 1 lit. c DSGVO als Rechtsgrundlage.<br \/>\nIst die Verarbeitung zur Wahrung eines berechtigten Interesses unseres Unternehmens oder eines Dritten erforderlich und \u00fcberwiegen die Interessen, Grundrechte und Grundfreiheiten des Betroffenen das erstgenannte Interesse nicht, so dient Art. 6 Abs. 1 lit. f DSGVO als Rechtsgrundlage f\u00fcr die Verarbeitung.<\/p>\n<h1>III.\u00a0E-Mail-Kontakt<\/h1>\n<p><strong>1. Beschreibung und Umfang der Datenverarbeitung<\/strong><br \/>\nAuf unserer Internetseite ist eine Kontaktaufnahme \u00fcber die bereitgestellte E-Mail-Adresse m\u00f6glich. In diesem Fall werden die mit der E-Mail \u00fcbermittelten personenbezogenen Daten des Nutzers gespeichert.<br \/>\nEs erfolgt in diesem Zusammenhang keine Weitergabe der Daten an Dritte. Die Daten werden ausschlie\u00dflich f\u00fcr die Verarbeitung der Konversation verwendet.<\/p>\n<p><strong>2. Rechtsgrundlage f\u00fcr die Datenverarbeitung<\/strong><br \/>\nRechtsgrundlage f\u00fcr die Verarbeitung der Daten, die im Zuge einer \u00dcbersendung einer E\u00ad-Mail \u00fcbermittelt werden, ist Art. 6 Abs. 1 lit. f DSGVO. Zielt der E-Mail-Kontakt auf den Abschluss eines Vertrages ab, so ist zus\u00e4tzliche Rechtsgrundlage f\u00fcr die Verarbeitung Art. 6 Abs. 1 lit. b DSGVO. Die Verarbeitung der personenbezogenen Daten aus einer Kontaktaufnahme per\u00a0\u00a0\u00a0\u00a0 \u00a0E-Mail dient uns allein zur Bearbeitung der Kontaktaufnahme.<\/p>\n<h1>IV. Server-Log-Files<\/h1>\n<p>Der Provider der Seiten erhebt und speichert automatisch Informationen in so genannten Server-Log-Files, die Ihr Browser automatisch an uns \u00fcbermittelt.<br \/>\nDies sind:<br \/>\n-Browsertyp und Browserversion verwendetes Betriebssystem<br \/>\n-Referrer URL<br \/>\n-Hostname des zugreifenden Rechners Uhrzeit der Serveranfrage<br \/>\nDiese Daten sind nicht bestimmten Personen zuordenbar. Eine Zusammenf\u00fchrung dieser Daten mit anderen Datenquellen wird nicht vorgenommen.<\/p>\n<p><strong>1. Umfang und Zweck der Verarbeitung personenbezogener Daten<\/strong><br \/>\nSie k\u00f6nnen unsere Webseiten besuchen, ohne Angaben zu Ihrer Person zu machen. Wir speichern lediglich Zugriffsdaten in sogenannten Server-Logfiles, wie z.B. den Namen der angeforderten Datei, Datum und Uhrzeit des Abrufs, \u00fcbertragene Datenmenge und den anfragenden Provider. Diese Daten werden ausschlie\u00dflich zur Sicherstellung eines st\u00f6rungsfreien Betriebs der Seite und zur Verbesserung unseres Angebots ausgewertet und erlauben uns keinen R\u00fcckschluss auf Ihre Person.<\/p>\n<p><strong>2. Rechtsgrundlage f\u00fcr die Verarbeitung personenbezogener Daten<\/strong><br \/>\nDie Rechtsgrundlage f\u00fcr die Verarbeitung personenbezogener Daten unter Verwendung von Cookies ist Art. 6 Abs. 1 lit. f DSGVO.<\/p>\n<h1>V. Verwendung von Cookies<\/h1>\n<p><strong>1. Umfang und Zweck der Verarbeitung personenbezogener Daten<\/strong><br \/>\nUm Die Internetseiten verwenden teilweise so genannte Cookies. Cookies richten auf Ihrem Rechner keinen Schaden an und enthalten keine Viren. Cookies dienen dazu, unser Angebot nutzerfreundlicher, effektiver und sicherer zu machen. Cookies sind kleine Textdateien, die auf Ihrem Rechner abgelegt werden und die Ihr Browser speichert. Die meisten der von uns verwendeten Cookies sind so genannte \u201eSession-Cookies\u201c. Sie werden nach Ende Ihres Besuchs automatisch gel\u00f6scht. Andere Cookies bleiben auf Ihrem Endger\u00e4t gespeichert, bis Sie diese l\u00f6schen. Diese Cookies erm\u00f6glichen es uns, Ihren Browser beim n\u00e4chsten Besuch wieder zu erkennen. Sie k\u00f6nnen Ihren Browser so einstellen, dass Sie \u00fcber das Setzen von Cookies informiert werden und Cookies nur im Einzelfall erlauben, die Annahme von Cookies f\u00fcr bestimmte F\u00e4lle oder generell ausschlie\u00dfen sowie das automatische L\u00f6schen der Cookies beim Schlie\u00dfen des Browser aktivieren. Bei der Deaktivierung von Cookies kann die Funktionalit\u00e4t dieser Website eingeschr\u00e4nkt sein.<\/p>\n<p><strong>2. Rechtsgrundlage f\u00fcr die Verarbeitung personenbezogener Daten<\/strong><br \/>\nDie Rechtsgrundlage f\u00fcr die Verarbeitung personenbezogener Daten unter Verwendung technisch notweniger Cookies ist Art. 6 Abs. 1 lit. f DSGVO.<br \/>\nDie Rechtsgrundlage f\u00fcr die Verarbeitung personenbezogener Daten unter Verwendung von Cookies zu Analysezwecken ist bei Vorliegen einer diesbez\u00fcglichen Einwilligung des Nutzers Art. 6 Abs. 1 lit. a DSGVO.<\/p>\n<p><strong>3. Google Web-Fonts<\/strong><br \/>\nDiese Seite nutzt zur einheitlichen Darstellung von Schriftarten so genannte Web Fonts, die von Google bereitgestellt werden. Beim Aufruf einer Seite l\u00e4dt Ihr Browser die ben\u00f6tigten Web Fonts in Ihren Browsercache, um Texte und Schriftarten korrekt anzuzeigen. Zu diesem Zweck muss der von Ihnen verwendete Browser Verbindung zu den Servern von Google aufnehmen. Hierdurch erlangt Google Kenntnis dar\u00fcber, dass \u00fcber Ihre IP-Adresse unsere Website aufgerufen wurde. Die Nutzung von Google Web Fonts erfolgt im Interesse einer einheitlichen und ansprechenden Darstellung unserer Online-Angebote. Dies stellt ein berechtigtes Interesse im Sinne von Art. 6 Abs. 1 lit. f DSGVO dar. Wenn Ihr Browser Web Fonts nicht unterst\u00fctzt, wird eine Standardschrift von Ihrem Computer genutzt. Weitere Informationen zu Google Web Fonts finden Sie unter https:\/\/developers.google.com\/fonts\/faq und in der Datenschutzerkl\u00e4rung von Google: https:\/\/www.google.com\/policies\/privacy\/.<\/p>\n<h1>VI. Ihre Rechte als betroffenen Person<\/h1>\n<p><strong>1. Auskunftsrecht\/ Berichtigung<\/strong><br \/>\nSie haben das Recht, \u00fcber die Sie betreffenden personenbezogenen Daten Auskunft zu erhalten. Liegt eine solche Verarbeitung vor, k\u00f6nnen Sie von dem Verantwortlichen \u00fcber folgende Informationen Auskunft verlangen: (1) die Zwecke, zu denen die personenbezogenen Daten verarbeitet werden; (2) die Kategorien von personenbezogenen Daten, welche verarbeitet werden; (3) die Empf\u00e4nger bzw. die Kategorien von Empf\u00e4ngern, gegen\u00fcber denen die Sie betreffenden personenbezogenen Daten offengelegt wurden oder noch offengelegt werden; Ihnen steht das Recht zu, Auskunft dar\u00fcber zu verlangen, ob die Sie betreffenden personenbezogenen Daten in ein Drittland oder an eine internationale Organisation \u00fcbermittelt werden. Auch k\u00f6nnen Sie die Berichtigung unrichtiger Daten verlangen.<\/p>\n<p><strong>2. Datenl\u00f6schung und Speicherdauer<\/strong><br \/>\nDie personenbezogenen Daten der betroffenen Person werden gel\u00f6scht oder gesperrt, sobald der Zweck der Speicherung entf\u00e4llt. Eine Speicherung kann dar\u00fcber hinaus erfolgen, wenn dies durch den Gesetzgeber in Verordnungen, Gesetzen oder sonstigen Vorschriften, denen der Verantwortliche unterliegt, vorgesehen wurde. Eine Sperrung oder L\u00f6schung der Daten erfolgt auch dann, wenn eine durch die genannten Normen vorgeschriebene Speicherfrist abl\u00e4uft, es sei denn, dass eine Erforderlichkeit zur weiteren Speicherung der Daten f\u00fcr einen Vertragsabschluss oder eine Vertragserf\u00fcllung.<br \/>\nDie Daten werden gel\u00f6scht, sobald sie f\u00fcr die Erreichung des Zweckes ihrer Erhebung nicht mehr erforderlich sind.<br \/>\nDie per E-Mail \u00fcbersandt wurden, ist dies dann der Fall, wenn die jeweilige Konversation mit dem Nutzer beendet ist. Beendet ist die Konversation dann, wenn sich aus den Umst\u00e4nden entnehmen l\u00e4sst, dass der betroffene Sachverhalt abschlie\u00dfend gekl\u00e4rt ist.<\/p>\n<p><strong>3. Widerspruchs- und Beseitigungsm\u00f6glichkeit<\/strong><br \/>\nDer Nutzer hat jederzeit die M\u00f6glichkeit, seine Einwilligung zur Verarbeitung der personenbezogenen Daten zu widerrufen. Nimmt der Nutzer per E-Mail Kontakt mit uns auf, so kann er der Speicherung seiner personenbezogenen Daten jederzeit widersprechen. In einem solchen Fall kann die Konversation nicht fortgef\u00fchrt werden. Alle personenbezogenen Daten, die im Zuge der Kontaktaufnahme gespeichert wurden, werden in diesem Fall gel\u00f6scht.<br \/>\nDar\u00fcber hinaus steht Ihnen unter bestimmten Voraussetzungen das Recht auf L\u00f6schung von Daten, das Recht auf Einschr\u00e4nkung der Datenverarbeitung sowie das Recht auf Daten\u00fcbertragbarkeit zu.<br \/>\nDie Verarbeitung Ihrer Daten erfolgt auf Basis von gesetzlichen Regelungen. Nur in Ausnahmef\u00e4llen ben\u00f6tigen wir Ihr Einverst\u00e4ndnis. In diesen F\u00e4llen haben Sie das Recht, die Einwilligung f\u00fcr die zuk\u00fcnftige Verarbeitung zu widerrufen.<br \/>\nSie haben ferner das Recht, sich bei der zust\u00e4ndigen Aufsichtsbeh\u00f6rde f\u00fcr den Datenschutz zu beschweren, wenn Sie der Ansicht sind, dass die Verarbeitung Ihrer personenbezogenen Daten nicht rechtm\u00e4\u00dfig erfolgt.<br \/>\nDie Anschrift der f\u00fcr uns zust\u00e4ndigen Aufsichtsbeh\u00f6rde lautet:<br \/>\nLandesbeauftragte f\u00fcr Datenschutz und Informationsfreiheit Nordrhein-Westfalen<br \/>\nKavalleriestra\u00dfe 2-4<br \/>\n40213 D\u00fcsseldorf<\/p>\n","protected":false},"excerpt":{"rendered":"<p>Sehr geehrte Kundin, sehr geehrter Kunde,\u00a0der Schutz Ihrer personenbezogenen Daten ist uns wichtig. Nach der EU-Datenschutz-Grundverordnung (DSGVO) sind wir verpflichtet, Sie dar\u00fcber zu informieren, zu welchem Zweck unser Unternehmen Daten erhebt, speichert oder weiterleitet. Der Information k\u00f6nnen Sie auch entnehmen, &hellip; <a href=\"https:\/\/tika-online.de\/?page_id=1464\">Weiterlesen <span class=\"meta-nav\">&rarr;<\/span><\/a><\/p>\n","protected":false},"author":2,"featured_media":0,"parent":0,"menu_order":0,"comment_status":"closed","ping_status":"closed","template":"","meta":[],"_links":{"self":[{"href":"https:\/\/tika-online.de\/index.php?rest_route=\/wp\/v2\/pages\/1464"}],"collection":[{"href":"https:\/\/tika-online.de\/index.php?rest_route=\/wp\/v2\/pages"}],"about":[{"href":"https:\/\/tika-online.de\/index.php?rest_route=\/wp\/v2\/types\/page"}],"author":[{"embeddable":true,"href":"https:\/\/tika-online.de\/index.php?rest_route=\/wp\/v2\/users\/2"}],"replies":[{"embeddable":true,"href":"https:\/\/tika-online.de\/index.php?rest_route=%2Fwp%2Fv2%2Fcomments&post=1464"}],"version-history":[{"count":2,"href":"https:\/\/tika-online.de\/index.php?rest_route=\/wp\/v2\/pages\/1464\/revisions"}],"predecessor-version":[{"id":1467,"href":"https:\/\/tika-online.de\/index.php?rest_route=\/wp\/v2\/pages\/1464\/revisions\/1467"}],"wp:attachment":[{"href":"https:\/\/tika-online.de\/index.php?rest_route=%2Fwp%2Fv2%2Fmedia&parent=1464"}],"curies":[{"name":"wp","href":"https:\/\/api.w.org\/{rel}","templated":true}]}}